{"id":3051,"date":"2019-10-21T07:35:49","date_gmt":"2019-10-21T07:35:49","guid":{"rendered":"https:\/\/elessi.nasatheme.com\/?page_id=3051"},"modified":"2024-05-18T18:18:45","modified_gmt":"2024-05-18T18:18:45","slug":"about-us-old","status":"publish","type":"page","link":"https:\/\/novacstore.com\/fr\/about-us-old\/","title":{"rendered":"\u00c0 propos de Us-old"},"content":{"rendered":"<div  class=\"section-element margin-top-80 mobile-margin-top-50\"><div class=\"row\"><div class=\"large-4 nasa-col columns\"><div class=\"nasa-title clearfix hr-type-none\"><h3 class=\"nasa-heading-title\"><span class=\"nasa-title-wrap\"><span style=\"background: #ffffff;\">Notre histoire<\/span><\/span><\/h3><\/div><div class=\"wpb_text_column wpb_content_element\" ><p>Lorem Ipsum est tout simplement le texte factice de l'industrie de l'imprimerie et de la composition. Le Lorem Ipsum est le texte factice standard de l'industrie depuis les ann\u00e9es 1500, lorsqu'un imprimeur inconnu a pris une gal\u00e8re de caract\u00e8res et l'a brouill\u00e9e pour en faire un livre de sp\u00e9cimens de caract\u00e8res.<\/p>\n<p>Il a surv\u00e9cu non seulement \u00e0 cinq si\u00e8cles, mais aussi au passage \u00e0 la composition \u00e9lectronique, en restant essentiellement inchang\u00e9. Il a \u00e9t\u00e9 popularis\u00e9 dans les ann\u00e9es 1960 avec la publication de feuilles Letraset contenant des passages Lorem Ipsum et, plus r\u00e9cemment, avec des logiciels de publication assist\u00e9e par ordinateur tels que Aldus PageMaker qui incluent des versions de Lorem Ipsum.<\/p>\n<\/div><\/div><div class=\"large-8 mobile-margin-top-50 nasa-col columns\"><div class=\"banner nasa-banner nasa-not-responsive\" data-wow-delay=\"0ms\" style=\"height: 355px;\"><div class=\"banner-image nasa-banner-image ns-banner-bg\" style=\"background-image: url(https:\/\/novacstore.com\/wp-content\/uploads\/2019\/10\/750x355.jpg);background-position: center center;\" data-height=\"355\" data-width=\"750\"><\/div><\/div><\/div><\/div><\/div><div  class=\"section-element margin-top-50 margin-bottom-60 mobile-margin-top-40\"><div class=\"row\"><div class=\"large-8 nasa-col columns\"><div class=\"nasa-title clearfix hr-type-none margin-bottom-15\"><h5 class=\"nasa-heading-title\"><span class=\"nasa-title-wrap\"><span style=\"background: #ffffff;\">Que pouvons-nous faire pour vous ?<\/span><\/span><\/h5><\/div><div class=\"nasa-wrap-all nasa-accordions-content nasa-has-border nasa-plus\"><div class=\"nasa-accordion-title\"><a class=\"nasa-accordion hidden-tag active first\" data-index=\"nasa-section-1564715938937-fd1c44cf-25eb\" href=\"javascript:void(0);\" rel=\"nofollow\">Meilleure qualit\u00e9<svg class=\"hidden-tag nasa-transition\" width=\"28\" height=\"28\" viewbox=\"0 0 32 32\" fill=\"currentColor\"><path d=\"M15.233 19.175l0.754 0.754 6.035-6.035-0.754-0.754-5.281 5.281-5.256-5.256-0.754 0.754 3.013 3.013z\"\/><\/svg><\/a><\/div><div class=\"vc_tta-panel nasa-panel hidden-tag active first nasa-section-1564715938937-fd1c44cf-25eb\"><div class=\"wpb_text_column wpb_content_element\" ><p>Lorem Ipsum est tout simplement le texte factice de l'industrie de l'imprimerie et de la composition. Le Lorem Ipsum est le texte factice standard de l'industrie depuis les ann\u00e9es 1500, lorsqu'un imprimeur inconnu a pris une gal\u00e8re de caract\u00e8res et l'a brouill\u00e9e pour en faire un livre de sp\u00e9cimens de caract\u00e8res.<\/p>\n<\/div><\/div><div class=\"nasa-accordion-title\"><a class=\"nasa-accordion hidden-tag\" data-index=\"nasa-section-1564715938962-289e5ac1-5ef1\" href=\"javascript:void(0);\" rel=\"nofollow\">Service client\u00e8le<svg class=\"hidden-tag nasa-transition\" width=\"28\" height=\"28\" viewbox=\"0 0 32 32\" fill=\"currentColor\"><path d=\"M15.233 19.175l0.754 0.754 6.035-6.035-0.754-0.754-5.281 5.281-5.256-5.256-0.754 0.754 3.013 3.013z\"\/><\/svg><\/a><\/div><div class=\"vc_tta-panel nasa-panel hidden-tag nasa-section-1564715938962-289e5ac1-5ef1\"><div class=\"wpb_text_column wpb_content_element\" ><p>Lorem Ipsum est tout simplement le texte factice de l'industrie de l'imprimerie et de la composition. Le Lorem Ipsum est le texte factice standard de l'industrie depuis les ann\u00e9es 1500, lorsqu'un imprimeur inconnu a pris une gal\u00e8re de caract\u00e8res et l'a brouill\u00e9e pour en faire un livre de sp\u00e9cimens de caract\u00e8res.<\/p>\n<\/div><\/div><div class=\"nasa-accordion-title\"><a class=\"nasa-accordion hidden-tag\" data-index=\"nasa-section-1564715952947-bfcc193e-4e79\" href=\"javascript:void(0);\" rel=\"nofollow\">Meilleure qualit\u00e9<svg class=\"hidden-tag nasa-transition\" width=\"28\" height=\"28\" viewbox=\"0 0 32 32\" fill=\"currentColor\"><path d=\"M15.233 19.175l0.754 0.754 6.035-6.035-0.754-0.754-5.281 5.281-5.256-5.256-0.754 0.754 3.013 3.013z\"\/><\/svg><\/a><\/div><div class=\"vc_tta-panel nasa-panel hidden-tag nasa-section-1564715952947-bfcc193e-4e79\"><div class=\"wpb_text_column wpb_content_element\" ><p>Lorem Ipsum est tout simplement le texte factice de l'industrie de l'imprimerie et de la composition. Le Lorem Ipsum est le texte factice standard de l'industrie depuis les ann\u00e9es 1500, lorsqu'un imprimeur inconnu a pris une gal\u00e8re de caract\u00e8res et l'a brouill\u00e9e pour en faire un livre de sp\u00e9cimens de caract\u00e8res.<\/p>\n<\/div><\/div><div class=\"nasa-accordion-title\"><a class=\"nasa-accordion hidden-tag\" data-index=\"nasa-section-1564715950997-06db44d4-3325\" href=\"javascript:void(0);\" rel=\"nofollow\">Assistance 24\/7<svg class=\"hidden-tag nasa-transition\" width=\"28\" height=\"28\" viewbox=\"0 0 32 32\" fill=\"currentColor\"><path d=\"M15.233 19.175l0.754 0.754 6.035-6.035-0.754-0.754-5.281 5.281-5.256-5.256-0.754 0.754 3.013 3.013z\"\/><\/svg><\/a><\/div><div class=\"vc_tta-panel nasa-panel hidden-tag nasa-section-1564715950997-06db44d4-3325\"><div class=\"wpb_text_column wpb_content_element\" ><p>Lorem Ipsum est tout simplement le texte factice de l'industrie de l'imprimerie et de la composition. Le Lorem Ipsum est le texte factice standard de l'industrie depuis les ann\u00e9es 1500, lorsqu'un imprimeur inconnu a pris une gal\u00e8re de caract\u00e8res et l'a brouill\u00e9e pour en faire un livre de sp\u00e9cimens de caract\u00e8res.<\/p>\n<\/div><\/div><div class=\"nasa-accordion-title\"><a class=\"nasa-accordion hidden-tag\" data-index=\"nasa-section-1564715952035-b596446a-6e70\" href=\"javascript:void(0);\" rel=\"nofollow\">Ce que nous faisons<svg class=\"hidden-tag nasa-transition\" width=\"28\" height=\"28\" viewbox=\"0 0 32 32\" fill=\"currentColor\"><path d=\"M15.233 19.175l0.754 0.754 6.035-6.035-0.754-0.754-5.281 5.281-5.256-5.256-0.754 0.754 3.013 3.013z\"\/><\/svg><\/a><\/div><div class=\"vc_tta-panel nasa-panel hidden-tag nasa-section-1564715952035-b596446a-6e70\"><div class=\"wpb_text_column wpb_content_element\" ><p>Lorem Ipsum est tout simplement le texte factice de l'industrie de l'imprimerie et de la composition. Le Lorem Ipsum est le texte factice standard de l'industrie depuis les ann\u00e9es 1500, lorsqu'un imprimeur inconnu a pris une gal\u00e8re de caract\u00e8res et l'a brouill\u00e9e pour en faire un livre de sp\u00e9cimens de caract\u00e8res.<\/p>\n<\/div><\/div><\/div><\/div><div class=\"large-1 nasa-col columns\"><div class=\"vc_empty_space\"   style=\"height: 1px\"><span class=\"vc_empty_space_inner\"><\/span><\/div><\/div><div class=\"large-3 mobile-margin-top-40 nasa-col columns\"><div class=\"wpb_text_column wpb_content_element\" ><h5 style=\"font-weight: 900;\">Heures d'ouverture<\/h5>\n<table style=\"font-weight: 600;\">\n<tbody>\n<tr>\n<td>Lundi :<\/td>\n<td class=\"text-right\">DE 12 \u00c0 18 HEURES<\/td>\n<\/tr>\n<tr>\n<td>Mardi :<\/td>\n<td class=\"text-right\">DE 12 \u00c0 18 HEURES<\/td>\n<\/tr>\n<tr>\n<td>Mercredi :<\/td>\n<td class=\"text-right\">DE 12 \u00c0 18 HEURES<\/td>\n<\/tr>\n<tr>\n<td>Jeudi :<\/td>\n<td class=\"text-right\">DE 12 \u00c0 18 HEURES<\/td>\n<\/tr>\n<tr>\n<td>Vendredi :<\/td>\n<td class=\"text-right\">DE 12 \u00c0 18 HEURES<\/td>\n<\/tr>\n<tr>\n<td>Samedi :<\/td>\n<td class=\"text-right\">DE 12 \u00c0 18 HEURES<\/td>\n<\/tr>\n<tr>\n<td>Dimanche :<\/td>\n<td class=\"text-right\">Ferm\u00e9<\/td>\n<\/tr>\n<\/tbody>\n<\/table>\n<\/div><div class=\"wpb_text_column wpb_content_element  margin-top-50 mobile-margin-top-20\" ><h5 style=\"font-weight: 900;\">Porteurs<\/h5>\n<p style=\"font-weight: 600;\">Si vous \u00eates int\u00e9ress\u00e9 par les possibilit\u00e9s d'emploi chez Elessi, veuillez nous envoyer un courriel \u00e0 l'adresse suivante : contact@yourstore.com<\/p>\n<\/div><\/div><\/div><\/div><div  class=\"section-element margin-bottom-80 mobile-margin-bottom-60\"><div class=\"row\"><div class=\"large-12 nasa-col columns\"><div class=\"nasa-title clearfix hr-type-none text-center desktop-margin-bottom-40\"><h3 class=\"nasa-heading-title\"><span class=\"nasa-title-wrap\"><span style=\"background: #ffffff;\">Notre \u00e9quipe<\/span><\/span><\/h3><\/div><div class=\"row row-inner row-fluid\"><div class=\"nasa-large-5-col-1 nasa-col columns\"><div class=\"team-member member-type-1\"><div class=\"member-image\"><img decoding=\"async\" src=\"https:\/\/novacstore.com\/wp-content\/uploads\/2019\/10\/210x210.jpg\" alt=\"THOMAS SNOW\"  \/><\/div><div class=\"clear\"><\/div><div class=\"member-details\"><h3>THOMAS SNOW<\/h3><h3 class=\"member-position\">Directeur g\u00e9n\u00e9ral\/fondateur<\/h3><p class=\"member-desciption\"><\/p><\/div><\/div><\/div><div class=\"nasa-large-5-col-1 nasa-col columns\"><div class=\"team-member member-type-1\"><div class=\"member-image\"><img decoding=\"async\" src=\"https:\/\/novacstore.com\/wp-content\/uploads\/2019\/10\/210x210.jpg\" alt=\"PAMELA DOE\"  \/><\/div><div class=\"clear\"><\/div><div class=\"member-details\"><h3>PAMELA DOE<\/h3><h3 class=\"member-position\">Directeur g\u00e9n\u00e9ral\/fondateur<\/h3><p class=\"member-desciption\"><\/p><\/div><\/div><\/div><div class=\"nasa-large-5-col-1 nasa-col columns\"><div class=\"team-member member-type-1\"><div class=\"member-image\"><img decoding=\"async\" src=\"https:\/\/novacstore.com\/wp-content\/uploads\/2019\/10\/210x210.jpg\" alt=\"MIRINDA\"  \/><\/div><div class=\"clear\"><\/div><div class=\"member-details\"><h3>MIRINDA<\/h3><h3 class=\"member-position\">Comptable<\/h3><p class=\"member-desciption\"><\/p><\/div><\/div><\/div><div class=\"nasa-large-5-col-1 nasa-col columns\"><div class=\"team-member member-type-1\"><div class=\"member-image\"><img decoding=\"async\" src=\"https:\/\/novacstore.com\/wp-content\/uploads\/2019\/10\/210x210.jpg\" alt=\"JONE DOE\"  \/><\/div><div class=\"clear\"><\/div><div class=\"member-details\"><h3>JONE DOE<\/h3><h3 class=\"member-position\">D\u00e9veloppeur<\/h3><p class=\"member-desciption\"><\/p><\/div><\/div><\/div><div class=\"nasa-large-5-col-1 nasa-col columns\"><div class=\"team-member member-type-1\"><div class=\"member-image\"><img decoding=\"async\" src=\"https:\/\/novacstore.com\/wp-content\/uploads\/2019\/10\/210x210.jpg\" alt=\"NICH KON\"  \/><\/div><div class=\"clear\"><\/div><div class=\"member-details\"><h3>NICH KON<\/h3><h3 class=\"member-position\">Chauffeur-livreur<\/h3><p class=\"member-desciption\"><\/p><\/div><\/div><\/div><\/div><\/div><\/div><\/div>","protected":false},"excerpt":{"rendered":"Our StoryLorem Ipsum is simply dummy text of the printing and typesetting industry. Lorem Ipsum has been the industry's standard dummy text ever since the 1500s, when an unknown printer took a galley of type and scrambled it to make a type specimen book. It has survived not only five centuries, but also the leap [...]","protected":false},"author":1,"featured_media":0,"parent":0,"menu_order":0,"comment_status":"closed","ping_status":"closed","template":"page-visual-composer.php","meta":{"footnotes":""},"class_list":["post-3051","page","type-page","status-publish","hentry"],"aioseo_notices":[],"amp_enabled":false,"_links":{"self":[{"href":"https:\/\/novacstore.com\/fr\/wp-json\/wp\/v2\/pages\/3051","targetHints":{"allow":["GET"]}}],"collection":[{"href":"https:\/\/novacstore.com\/fr\/wp-json\/wp\/v2\/pages"}],"about":[{"href":"https:\/\/novacstore.com\/fr\/wp-json\/wp\/v2\/types\/page"}],"author":[{"embeddable":true,"href":"https:\/\/novacstore.com\/fr\/wp-json\/wp\/v2\/users\/1"}],"replies":[{"embeddable":true,"href":"https:\/\/novacstore.com\/fr\/wp-json\/wp\/v2\/comments?post=3051"}],"version-history":[{"count":1,"href":"https:\/\/novacstore.com\/fr\/wp-json\/wp\/v2\/pages\/3051\/revisions"}],"predecessor-version":[{"id":3964,"href":"https:\/\/novacstore.com\/fr\/wp-json\/wp\/v2\/pages\/3051\/revisions\/3964"}],"wp:attachment":[{"href":"https:\/\/novacstore.com\/fr\/wp-json\/wp\/v2\/media?parent=3051"}],"curies":[{"name":"wp","href":"https:\/\/api.w.org\/{rel}","templated":true}]}}