{"id":3717,"date":"2024-05-04T19:12:10","date_gmt":"2024-05-04T19:12:10","guid":{"rendered":""},"modified":"2024-05-18T18:21:06","modified_gmt":"2024-05-18T18:21:06","slug":"about-us","status":"publish","type":"page","link":"https:\/\/novacstore.com\/fr\/about-us\/","title":{"rendered":"\u00c0 propos de nous"},"content":{"rendered":"<div data-elementor-type=\"wp-page\" data-elementor-id=\"3717\" class=\"elementor elementor-3717\">\n\t\t\t\t\t\t<section class=\"elementor-section elementor-top-section elementor-element elementor-element-5158b412 elementor-section-boxed elementor-section-height-default elementor-section-height-default\" data-id=\"5158b412\" data-element_type=\"section\">\n\t\t\t\t\t\t<div class=\"elementor-container elementor-column-gap-default\">\n\t\t\t\t\t<div class=\"elementor-column elementor-col-100 elementor-top-column elementor-element elementor-element-11875c9\" data-id=\"11875c9\" data-element_type=\"column\">\n\t\t\t<div class=\"elementor-widget-wrap elementor-element-populated\">\n\t\t\t\t\t\t<div class=\"elementor-element elementor-element-27d8ef86 elementor-widget elementor-widget-heading\" data-id=\"27d8ef86\" data-element_type=\"widget\" data-widget_type=\"heading.default\">\n\t\t\t\t<div class=\"elementor-widget-container\">\n\t\t\t<style>\/*! elementor - v3.21.0 - 30-04-2024 *\/\n.elementor-heading-title{padding:0;margin:0;line-height:1}.elementor-widget-heading .elementor-heading-title[class*=elementor-size-]>a{color:inherit;font-size:inherit;line-height:inherit}.elementor-widget-heading .elementor-heading-title.elementor-size-small{font-size:15px}.elementor-widget-heading .elementor-heading-title.elementor-size-medium{font-size:19px}.elementor-widget-heading .elementor-heading-title.elementor-size-large{font-size:29px}.elementor-widget-heading .elementor-heading-title.elementor-size-xl{font-size:39px}.elementor-widget-heading .elementor-heading-title.elementor-size-xxl{font-size:59px}<\/style><h3 class=\"elementor-heading-title elementor-size-default\">A propos de nous<\/h3>\t\t<\/div>\n\t\t\t\t<\/div>\n\t\t\t\t<div class=\"elementor-element elementor-element-6c441c0 elementor-widget elementor-widget-text-editor\" data-id=\"6c441c0\" data-element_type=\"widget\" data-widget_type=\"text-editor.default\">\n\t\t\t\t<div class=\"elementor-widget-container\">\n\t\t\t<style>\/*! elementor - v3.21.0 - 30-04-2024 *\/\n.elementor-widget-text-editor.elementor-drop-cap-view-stacked .elementor-drop-cap{background-color:#69727d;color:#fff}.elementor-widget-text-editor.elementor-drop-cap-view-framed .elementor-drop-cap{color:#69727d;border:3px solid;background-color:transparent}.elementor-widget-text-editor:not(.elementor-drop-cap-view-default) .elementor-drop-cap{margin-top:8px}.elementor-widget-text-editor:not(.elementor-drop-cap-view-default) .elementor-drop-cap-letter{width:1em;height:1em}.elementor-widget-text-editor .elementor-drop-cap{float:left;text-align:center;line-height:1;font-size:50px}.elementor-widget-text-editor .elementor-drop-cap-letter{display:inline-block}<\/style>\t\t\t\t<p>Novacstore.com offre une exp\u00e9rience d'achat facile et pratique et vise \u00e0 fournir \u00e0 ses clients une large gamme de produits de pointe ainsi qu'un excellent service \u00e0 la client\u00e8le et les avantages d'une exp\u00e9rience d'achat en ligne simple et s\u00e9curis\u00e9e.<\/p><p><strong>Navigation ais\u00e9e pour une utilisation intuitive<\/strong><\/p><p>Notre boutique en ligne est cr\u00e9\u00e9e de mani\u00e8re transparente et conviviale. Lors de la premi\u00e8re visite sur notre page d'accueil ou de la recherche d'un produit particulier, nos clients seront guid\u00e9s \u00e0 travers la boutique avec facilit\u00e9 et pourront passer \u00e0 la caisse rapidement et efficacement.<\/p><p><strong>Votre achat est simple et s\u00e9curis\u00e9<\/strong><\/p><p>Une fois que vous avez plac\u00e9 tous les articles que vous souhaitez dans le panier, nos clients peuvent choisir entre plusieurs options de paiement s\u00e9curis\u00e9. Les paiements peuvent \u00eatre effectu\u00e9s simplement par pr\u00e9paiement ou par carte de cr\u00e9dit. Apr\u00e8s avoir pass\u00e9 leur commande avec succ\u00e8s, nos clients seront inform\u00e9s par courrier \u00e9lectronique de l'\u00e9tat de leur commande.<\/p><p><strong>Envoi rapide<\/strong><\/p><p>Nos clients l'appellent \"exp\u00e9dition express\" car nous exp\u00e9dions g\u00e9n\u00e9ralement les commandes le jour m\u00eame du paiement.<\/p><p><strong>Services complets et individuels<\/strong><\/p><p>En utilisant notre ligne t\u00e9l\u00e9phonique gratuite (avec des frais locaux dans certains pays), nos clients peuvent recevoir plus d'informations sur le sujet \"M\u00e9dicaments, plantes m\u00e9dicinales et produits amincissants\" et peuvent poser toutes les questions qu'ils ont \u00e0 nos professionnels comp\u00e9tents du service \u00e0 la client\u00e8le. Nous fournissons des services complets sans longs d\u00e9lais d'attente.<\/p><p><strong>Portefeuille de produits<\/strong><\/p><p>Chez Novacstore.com, les clients trouveront de grandes marques internationales comme Pfizer Lili, Bayer ou LIDA ainsi que des fabricants de g\u00e9n\u00e9riques exclusifs comme Ajanta que l'on ne trouve pas dans d'autres points de vente.<br \/>Si vous avez des questions, des commentaires ou d'autres demandes concernant votre commande, veuillez nous \u00e9crire. Chaque courriel sera lu et r\u00e9pondu rapidement. Pendant les heures de bureau, notre service client\u00e8le est \u00e0 votre disposition pour vous aider.<\/p><p><strong>Qualit\u00e9 et engagement<\/strong><\/p><p>Novacstore.com s'est engag\u00e9 \u00e0 vous aider dans vos d\u00e9cisions m\u00e9dicales. Vous seul pouvez d\u00e9cider du produit qui vous convient. De nombreux patients pr\u00e9f\u00e8rent l'anonymat de nos conseils en ligne \u00e0 celui d'une conversation avec leur m\u00e9decin.<br \/>Nous ne pensons pas qu'Internet doive remplacer une visite chez le m\u00e9decin et il est tr\u00e8s important que vous envisagiez un examen complet avec votre m\u00e9decin pour discuter de la cause potentielle de votre probl\u00e8me.<\/p><p>Important : l'achat de m\u00e9dicaments sur Internet ne remplace pas une consultation m\u00e9dicale.<\/p>\t\t\t\t\t\t<\/div>\n\t\t\t\t<\/div>\n\t\t\t\t\t<\/div>\n\t\t<\/div>\n\t\t\t\t\t<\/div>\n\t\t<\/section>\n\t\t\t\t<\/div>","protected":false},"excerpt":{"rendered":"<p>A propos de nous Novacstore.com offre une exp\u00e9rience d'achat facile et pratique et vise \u00e0 fournir \u00e0 nos clients une large gamme de produits de pointe en plus d'un excellent service \u00e0 la client\u00e8le et des avantages d'une exp\u00e9rience d'achat en ligne simple et s\u00e9curis\u00e9e. Une navigation facile pour une utilisation intuitive Notre boutique en ligne est cr\u00e9\u00e9e de mani\u00e8re transparente et [...]<\/p>","protected":false},"author":1,"featured_media":0,"parent":0,"menu_order":0,"comment_status":"closed","ping_status":"closed","template":"","meta":{"footnotes":""},"class_list":["post-3717","page","type-page","status-publish","hentry"],"aioseo_notices":[],"amp_enabled":true,"_links":{"self":[{"href":"https:\/\/novacstore.com\/fr\/wp-json\/wp\/v2\/pages\/3717","targetHints":{"allow":["GET"]}}],"collection":[{"href":"https:\/\/novacstore.com\/fr\/wp-json\/wp\/v2\/pages"}],"about":[{"href":"https:\/\/novacstore.com\/fr\/wp-json\/wp\/v2\/types\/page"}],"author":[{"embeddable":true,"href":"https:\/\/novacstore.com\/fr\/wp-json\/wp\/v2\/users\/1"}],"replies":[{"embeddable":true,"href":"https:\/\/novacstore.com\/fr\/wp-json\/wp\/v2\/comments?post=3717"}],"version-history":[{"count":4,"href":"https:\/\/novacstore.com\/fr\/wp-json\/wp\/v2\/pages\/3717\/revisions"}],"predecessor-version":[{"id":3968,"href":"https:\/\/novacstore.com\/fr\/wp-json\/wp\/v2\/pages\/3717\/revisions\/3968"}],"wp:attachment":[{"href":"https:\/\/novacstore.com\/fr\/wp-json\/wp\/v2\/media?parent=3717"}],"curies":[{"name":"wp","href":"https:\/\/api.w.org\/{rel}","templated":true}]}}