{"id":3974,"date":"2024-05-18T18:25:47","date_gmt":"2024-05-18T18:25:47","guid":{"rendered":"https:\/\/www.novacstore.com\/?page_id=3974"},"modified":"2024-05-18T18:26:19","modified_gmt":"2024-05-18T18:26:19","slug":"how_to_order","status":"publish","type":"page","link":"https:\/\/novacstore.com\/fr\/how_to_order\/","title":{"rendered":"Comment commander"},"content":{"rendered":"<div data-elementor-type=\"wp-page\" data-elementor-id=\"3974\" class=\"elementor elementor-3974\">\n\t\t\t\t\t\t<section class=\"elementor-section elementor-top-section elementor-element elementor-element-5158b412 elementor-section-boxed elementor-section-height-default elementor-section-height-default\" data-id=\"5158b412\" data-element_type=\"section\">\n\t\t\t\t\t\t<div class=\"elementor-container elementor-column-gap-default\">\n\t\t\t\t\t<div class=\"elementor-column elementor-col-100 elementor-top-column elementor-element elementor-element-11875c9\" data-id=\"11875c9\" data-element_type=\"column\">\n\t\t\t<div class=\"elementor-widget-wrap elementor-element-populated\">\n\t\t\t\t\t\t<div class=\"elementor-element elementor-element-27d8ef86 elementor-widget elementor-widget-heading\" data-id=\"27d8ef86\" data-element_type=\"widget\" data-widget_type=\"heading.default\">\n\t\t\t\t<div class=\"elementor-widget-container\">\n\t\t\t<style>\/*! elementor - v3.21.0 - 30-04-2024 *\/\n.elementor-heading-title{padding:0;margin:0;line-height:1}.elementor-widget-heading .elementor-heading-title[class*=elementor-size-]>a{color:inherit;font-size:inherit;line-height:inherit}.elementor-widget-heading .elementor-heading-title.elementor-size-small{font-size:15px}.elementor-widget-heading .elementor-heading-title.elementor-size-medium{font-size:19px}.elementor-widget-heading .elementor-heading-title.elementor-size-large{font-size:29px}.elementor-widget-heading .elementor-heading-title.elementor-size-xl{font-size:39px}.elementor-widget-heading .elementor-heading-title.elementor-size-xxl{font-size:59px}<\/style><h3 class=\"elementor-heading-title elementor-size-default\">Comment commander<\/h3>\t\t<\/div>\n\t\t\t\t<\/div>\n\t\t\t\t<div class=\"elementor-element elementor-element-6c441c0 elementor-widget elementor-widget-text-editor\" data-id=\"6c441c0\" data-element_type=\"widget\" data-widget_type=\"text-editor.default\">\n\t\t\t\t<div class=\"elementor-widget-container\">\n\t\t\t<style>\/*! elementor - v3.21.0 - 30-04-2024 *\/\n.elementor-widget-text-editor.elementor-drop-cap-view-stacked .elementor-drop-cap{background-color:#69727d;color:#fff}.elementor-widget-text-editor.elementor-drop-cap-view-framed .elementor-drop-cap{color:#69727d;border:3px solid;background-color:transparent}.elementor-widget-text-editor:not(.elementor-drop-cap-view-default) .elementor-drop-cap{margin-top:8px}.elementor-widget-text-editor:not(.elementor-drop-cap-view-default) .elementor-drop-cap-letter{width:1em;height:1em}.elementor-widget-text-editor .elementor-drop-cap{float:left;text-align:center;line-height:1;font-size:50px}.elementor-widget-text-editor .elementor-drop-cap-letter{display:inline-block}<\/style>\t\t\t\t<h2>Comment commander des m\u00e9dicaments pour le traitement de la dysfonction \u00e9rectile ?<\/h2><p>Voulez-vous acheter des m\u00e9dicaments pour la puissance en ligne ?<\/p><p>Livraison rapide et anonyme \u00e0 votre domicile !<\/p><p>Vous avez la possibilit\u00e9 d'acheter des m\u00e9dicaments pour la puissance en ligne sur 130mg.com. A tout moment. Notre objectif principal est la sant\u00e9 de nos clients. Notre credo est l'anonymat et la rapidit\u00e9 de livraison. Lorsqu'il s'agit de la sant\u00e9 masculine ou de diff\u00e9rentes maladies, vous pouvez \u00eatre s\u00fbr de la comp\u00e9tence du personnel de notre pharmacie en ligne. Vous pouvez obtenir une consultation gratuite sur la sant\u00e9 et les effets des m\u00e9dicaments en vous adressant \u00e0 notre personnel hautement qualifi\u00e9.<\/p><h2>Acheter en ligne des m\u00e9dicaments pour leur puissance.<\/h2><p>La navigation sur la page web de la pharmacie en ligne est tr\u00e8s confortable pour les clients. Vous pouvez facilement trouver tous les m\u00e9dicaments n\u00e9cessaires. Il suffit d'un seul clic pour ajouter le nombre de pilules souhait\u00e9 \u00e0 la bo\u00eete. Les options situ\u00e9es \u00e0 gauche de la page vous permettent de trouver un rem\u00e8de pour une maladie donn\u00e9e. Tous les m\u00e9dicaments sont regroup\u00e9s par cat\u00e9gories : m\u00e9dicaments pour la puissance, paquets d'essai, perte de poids, Viagra pour femmes, perte de cheveux et anti-tabac.<\/p><p><strong>1. Bo\u00eete.<\/strong>\u00a0Les clients peuvent voir dans la bo\u00eete tous les produits qu'ils ont choisis. En cliquant sur le bouton \"checkout\", il passe \u00e0 la commande.<\/p><p><strong>2. Commande<\/strong>\u00a0Si vous commandez pour la premi\u00e8re fois sur notre site, vous devez remplir la carte de donn\u00e9es. Tous les champs marqu\u00e9s d'un * sont obligatoires. Si vous commandez pour la deuxi\u00e8me fois, vous ne devez plus la remplir. L'acc\u00e8s aux donn\u00e9es sauvegard\u00e9es est bas\u00e9 sur Mon compte. Toutes les informations personnelles de votre compte sont encod\u00e9es et sauvegard\u00e9es en toute s\u00e9curit\u00e9.<\/p><p><strong>3. Vos donn\u00e9es.<\/strong>\u00a0Vous devez pr\u00e9ciser votre adresse pour passer la commande. Vous pouvez choisir le mode de paiement et de livraison qui vous convient. Gr\u00e2ce \u00e0 la logistique moderne des entrep\u00f4ts, les produits command\u00e9s peuvent \u00eatre envoy\u00e9s le jour m\u00eame de la commande. Les m\u00e9dicaments seront livr\u00e9s \u00e0 votre domicile dans un emballage neutre.<\/p><p><strong>4. V\u00e9rification des donn\u00e9es.<\/strong>\u00a0Avant de terminer votre commande, veuillez v\u00e9rifier vos donn\u00e9es et les corriger si n\u00e9cessaire. Le processus de commande se termine en cliquant sur Envoyer la commande. L'acceptation de nos conditions de prestation de services est obligatoire.<\/p><p><strong>5. Confirmation d'une commande.<\/strong>\u00a0Vous recevrez imm\u00e9diatement un e-mail de confirmation contenant tous les d\u00e9tails concernant les m\u00e9dicaments command\u00e9s.<\/p><p>Vous pouvez utiliser notre ligne d'assistance t\u00e9l\u00e9phonique gratuite (recherchez les num\u00e9ros de t\u00e9l\u00e9phone dans la banni\u00e8re \u00e0 droite de la page). Le service client\u00e8le r\u00e9pondra \u00e0 toutes vos questions sur le m\u00e9dicament et ses effets pendant les heures ouvrables.<\/p><p><strong>Bref aper\u00e7u de nos avantages :<\/strong><\/p><ul><li>Conseils en mati\u00e8re de sant\u00e9. Vous pouvez obtenir des conseils suppl\u00e9mentaires sur la sant\u00e9 et des informations utiles sur les m\u00e9dicaments gr\u00e2ce \u00e0 notre ligne t\u00e9l\u00e9phonique gratuite du service d'assistance \u00e0 la client\u00e8le ;<\/li><li>Des m\u00e9dicaments \u00e9prouv\u00e9s de haute qualit\u00e9. 130mg.com est la plus grande pharmacie de m\u00e9dicaments pour la puissance en Europe ;<\/li><li>les conseils comp\u00e9tents de nos experts. Vous pouvez \u00eatre s\u00fbr de la comp\u00e9tence du personnel de notre service d'assistance \u00e0 la client\u00e8le ;<\/li><li>Diff\u00e9rentes m\u00e9thodes de paiement. 130mg.com vous offre la possibilit\u00e9 de payer votre commande de la mani\u00e8re qui vous convient le mieux. Nous vous donnons le choix ;<\/li><li>Offres et r\u00e9ductions attrayantes ;<\/li><li>Anonyme et livraison rapide ;<\/li><li>Acc\u00e8s en ligne \u00e0 tout moment. Achetez des m\u00e9dicaments pour la puissance en ligne \u00e0 tout moment pendant 365 jours par an ou en appelant pendant les heures de travail.<\/li><\/ul><p>Merci de votre confiance !<\/p>\t\t\t\t\t\t<\/div>\n\t\t\t\t<\/div>\n\t\t\t\t\t<\/div>\n\t\t<\/div>\n\t\t\t\t\t<\/div>\n\t\t<\/section>\n\t\t\t\t<\/div>","protected":false},"excerpt":{"rendered":"<p>How to order How to order medicines for the treatment of erectile dysfunction? Do you want to buy medicines for potency online? Quick and anonymous delivery to your home! You have a possibility to buy medicines for potency online at 130mg.com. At any time. Our principal aim is the health of our customers. Our creed [\u2026]<\/p>","protected":false},"author":1,"featured_media":0,"parent":0,"menu_order":0,"comment_status":"closed","ping_status":"closed","template":"","meta":{"footnotes":""},"class_list":["post-3974","page","type-page","status-publish","hentry"],"aioseo_notices":[],"amp_enabled":true,"_links":{"self":[{"href":"https:\/\/novacstore.com\/fr\/wp-json\/wp\/v2\/pages\/3974","targetHints":{"allow":["GET"]}}],"collection":[{"href":"https:\/\/novacstore.com\/fr\/wp-json\/wp\/v2\/pages"}],"about":[{"href":"https:\/\/novacstore.com\/fr\/wp-json\/wp\/v2\/types\/page"}],"author":[{"embeddable":true,"href":"https:\/\/novacstore.com\/fr\/wp-json\/wp\/v2\/users\/1"}],"replies":[{"embeddable":true,"href":"https:\/\/novacstore.com\/fr\/wp-json\/wp\/v2\/comments?post=3974"}],"version-history":[{"count":4,"href":"https:\/\/novacstore.com\/fr\/wp-json\/wp\/v2\/pages\/3974\/revisions"}],"predecessor-version":[{"id":3978,"href":"https:\/\/novacstore.com\/fr\/wp-json\/wp\/v2\/pages\/3974\/revisions\/3978"}],"wp:attachment":[{"href":"https:\/\/novacstore.com\/fr\/wp-json\/wp\/v2\/media?parent=3974"}],"curies":[{"name":"wp","href":"https:\/\/api.w.org\/{rel}","templated":true}]}}