{"id":4080,"date":"2024-09-23T18:32:43","date_gmt":"2024-09-23T15:32:43","guid":{"rendered":"https:\/\/www.novacstore.com\/?post_type=product&#038;p=4080"},"modified":"2024-09-28T13:14:11","modified_gmt":"2024-09-28T10:14:11","slug":"kamagra-100mg-4tabs","status":"publish","type":"product","link":"https:\/\/novacstore.com\/fr\/produit\/kamagra-100mg-4tabs\/","title":{"rendered":"kamagra 100mg 4tabs"},"content":{"rendered":null,"protected":false},"excerpt":{"rendered":"<div>\n<div class=\"rich-text\">Kamarga est un m\u00e9dicament pharmaceutique indiqu\u00e9 pour le traitement de la dysfonction \u00e9rectile. Le principal ingr\u00e9dient actif \u00e9tant le sild\u00e9nafil, le m\u00e9dicament agit en dilatant les vaisseaux sanguins et en am\u00e9liorant le flux sanguin vers le p\u00e9nis, ce qui permet de maintenir une \u00e9rection.<\/div>\n<\/div>","protected":false},"featured_media":4081,"template":"","meta":[],"product_brand":[],"product_cat":[216],"product_tag":[],"class_list":{"0":"post-4080","1":"product","2":"type-product","3":"status-publish","4":"has-post-thumbnail","6":"product_cat-mens_health","8":"first","9":"instock","10":"sale","11":"shipping-taxable","12":"purchasable","13":"product-type-simple"},"aioseo_notices":[],"_links":{"self":[{"href":"https:\/\/novacstore.com\/fr\/wp-json\/wp\/v2\/product\/4080","targetHints":{"allow":["GET"]}}],"collection":[{"href":"https:\/\/novacstore.com\/fr\/wp-json\/wp\/v2\/product"}],"about":[{"href":"https:\/\/novacstore.com\/fr\/wp-json\/wp\/v2\/types\/product"}],"wp:featuredmedia":[{"embeddable":true,"href":"https:\/\/novacstore.com\/fr\/wp-json\/wp\/v2\/media\/4081"}],"wp:attachment":[{"href":"https:\/\/novacstore.com\/fr\/wp-json\/wp\/v2\/media?parent=4080"}],"wp:term":[{"taxonomy":"product_brand","embeddable":true,"href":"https:\/\/novacstore.com\/fr\/wp-json\/wp\/v2\/product_brand?post=4080"},{"taxonomy":"product_cat","embeddable":true,"href":"https:\/\/novacstore.com\/fr\/wp-json\/wp\/v2\/product_cat?post=4080"},{"taxonomy":"product_tag","embeddable":true,"href":"https:\/\/novacstore.com\/fr\/wp-json\/wp\/v2\/product_tag?post=4080"}],"curies":[{"name":"wp","href":"https:\/\/api.w.org\/{rel}","templated":true}]}}