{"id":4098,"date":"2024-09-24T18:57:13","date_gmt":"2024-09-24T15:57:13","guid":{"rendered":"https:\/\/www.novacstore.com\/?post_type=product&#038;p=4098"},"modified":"2024-09-28T13:09:48","modified_gmt":"2024-09-28T10:09:48","slug":"cenforce-200mg-sildenafil-10-tablets","status":"publish","type":"product","link":"https:\/\/novacstore.com\/fr\/produit\/cenforce-200mg-sildenafil-10-tablets\/","title":{"rendered":"Cenforce 200mg Sildenafil 10 comprim\u00e9s"},"content":{"rendered":null,"protected":false},"excerpt":{"rendered":"<p>Cenforce 200 mg est un g\u00e9n\u00e9rique de Viagra (Sildenafil).<\/p>\n<p>Il s'agit d'un ingr\u00e9dient actif, un composant similaire au Viagra (Sildenafil). Il est utilis\u00e9 pour traiter les probl\u00e8mes de dysfonctionnement \u00e9rectile. Il aide \u00e0 maintenir une \u00e9rection apr\u00e8s l'excitation et r\u00e9duit le temps r\u00e9fractaire avant une seconde \u00e9rection. Traiter les probl\u00e8mes de performance sexuelle chez l'homme. Associ\u00e9 \u00e0 la stimulation sexuelle, le sild\u00e9nafil agit en augmentant le flux sanguin vers le p\u00e9nis pour aider une personne \u00e0 obtenir et \u00e0 maintenir une \u00e9rection. Il a \u00e9t\u00e9 prouv\u00e9 qu'il aide les hommes souffrant de tous les troubles de l'\u00e9rection. Cenforce 200 mg commence g\u00e9n\u00e9ralement \u00e0 agir dans les 30 \u00e0 60 minutes qui suivent.<\/p>","protected":false},"featured_media":4099,"template":"","meta":[],"product_brand":[],"product_cat":[216],"product_tag":[],"class_list":{"0":"post-4098","1":"product","2":"type-product","3":"status-publish","4":"has-post-thumbnail","6":"product_cat-mens_health","8":"first","9":"instock","10":"shipping-taxable","11":"product-type-simple"},"aioseo_notices":[],"_links":{"self":[{"href":"https:\/\/novacstore.com\/fr\/wp-json\/wp\/v2\/product\/4098","targetHints":{"allow":["GET"]}}],"collection":[{"href":"https:\/\/novacstore.com\/fr\/wp-json\/wp\/v2\/product"}],"about":[{"href":"https:\/\/novacstore.com\/fr\/wp-json\/wp\/v2\/types\/product"}],"wp:featuredmedia":[{"embeddable":true,"href":"https:\/\/novacstore.com\/fr\/wp-json\/wp\/v2\/media\/4099"}],"wp:attachment":[{"href":"https:\/\/novacstore.com\/fr\/wp-json\/wp\/v2\/media?parent=4098"}],"wp:term":[{"taxonomy":"product_brand","embeddable":true,"href":"https:\/\/novacstore.com\/fr\/wp-json\/wp\/v2\/product_brand?post=4098"},{"taxonomy":"product_cat","embeddable":true,"href":"https:\/\/novacstore.com\/fr\/wp-json\/wp\/v2\/product_cat?post=4098"},{"taxonomy":"product_tag","embeddable":true,"href":"https:\/\/novacstore.com\/fr\/wp-json\/wp\/v2\/product_tag?post=4098"}],"curies":[{"name":"wp","href":"https:\/\/api.w.org\/{rel}","templated":true}]}}