{"id":4100,"date":"2024-09-24T18:57:56","date_gmt":"2024-09-24T15:57:56","guid":{"rendered":"https:\/\/www.novacstore.com\/?post_type=product&#038;p=4100"},"modified":"2024-09-28T13:18:40","modified_gmt":"2024-09-28T10:18:40","slug":"malegra-100mg-sildenafil-10-tablets","status":"publish","type":"product","link":"https:\/\/novacstore.com\/fr\/produit\/malegra-100mg-sildenafil-10-tablets\/","title":{"rendered":"Malegra 100mg Sildenafil 10 comprim\u00e9s"},"content":{"rendered":null,"protected":false},"excerpt":{"rendered":"<p class=\"MedicalDescriptionSection_contentToBeShown__vtp4B\">Malegra Tablet est utilis\u00e9 chez les hommes pour traiter la dysfonction \u00e9rectile. Il contient du sild\u00e9nafil comme composant principal. Le sild\u00e9nafil am\u00e9liore le flux sanguin dans l'organe g\u00e9nital masculin pour l'excitation sexuelle, ce qui permet de maintenir une bonne \u00e9rection.<\/p>\n<p class=\"MedicalDescriptionSection_readMoreTarget__k3fy9\">iinant une \u00e9rection. Il n'est pas destin\u00e9 aux femmes, aux enfants et aux adolescents. Prenez Malegra selon les recommandations du m\u00e9decin, en respectant les doses et la dur\u00e9e prescrites. Il peut \u00eatre pris avec ou sans nourriture. Avant de commencer le traitement avec Malegra, informez le m\u00e9decin de vos ant\u00e9c\u00e9dents m\u00e9dicaux d\u00e9taill\u00e9s.<\/p>","protected":false},"featured_media":4101,"template":"","meta":[],"product_brand":[],"product_cat":[216],"product_tag":[],"class_list":{"0":"post-4100","1":"product","2":"type-product","3":"status-publish","4":"has-post-thumbnail","6":"product_cat-mens_health","8":"first","9":"instock","10":"shipping-taxable","11":"product-type-simple"},"aioseo_notices":[],"_links":{"self":[{"href":"https:\/\/novacstore.com\/fr\/wp-json\/wp\/v2\/product\/4100","targetHints":{"allow":["GET"]}}],"collection":[{"href":"https:\/\/novacstore.com\/fr\/wp-json\/wp\/v2\/product"}],"about":[{"href":"https:\/\/novacstore.com\/fr\/wp-json\/wp\/v2\/types\/product"}],"wp:featuredmedia":[{"embeddable":true,"href":"https:\/\/novacstore.com\/fr\/wp-json\/wp\/v2\/media\/4101"}],"wp:attachment":[{"href":"https:\/\/novacstore.com\/fr\/wp-json\/wp\/v2\/media?parent=4100"}],"wp:term":[{"taxonomy":"product_brand","embeddable":true,"href":"https:\/\/novacstore.com\/fr\/wp-json\/wp\/v2\/product_brand?post=4100"},{"taxonomy":"product_cat","embeddable":true,"href":"https:\/\/novacstore.com\/fr\/wp-json\/wp\/v2\/product_cat?post=4100"},{"taxonomy":"product_tag","embeddable":true,"href":"https:\/\/novacstore.com\/fr\/wp-json\/wp\/v2\/product_tag?post=4100"}],"curies":[{"name":"wp","href":"https:\/\/api.w.org\/{rel}","templated":true}]}}