{"id":4105,"date":"2024-09-24T18:59:05","date_gmt":"2024-09-24T15:59:05","guid":{"rendered":"https:\/\/www.novacstore.com\/?post_type=product&#038;p=4105"},"modified":"2025-08-13T19:36:24","modified_gmt":"2025-08-13T16:36:24","slug":"zopyclone-75mg-10-tablets","status":"publish","type":"product","link":"https:\/\/novacstore.com\/fr\/produit\/zopyclone-75mg-10-tablets\/","title":{"rendered":"Zopyclone 7,5mg 10 comprim\u00e9s"},"content":{"rendered":null,"protected":false},"excerpt":{"rendered":"<p>Ce produit est un Zopiclone 7,5mg qui contient des ingr\u00e9dients tels que le lactose monohydrat\u00e9, l'hydrog\u00e9nophosphate de calcium, l'amidon de ma\u00efs, la carmellose sodique, le st\u00e9arate de magn\u00e9sium, le dioxyde de titane et la m\u00e9thylhydroxypropylcellulose. Il s'agit d'un m\u00e9dicament de type g\u00e9n\u00e9ral qui se pr\u00e9sente sous forme de comprim\u00e9s. Il est largement recommand\u00e9 pour le traitement \u00e0 court terme de l'insomnie, et la dose peut \u00eatre prise selon l'avis du m\u00e9decin. Il convient aux personnes \u00e2g\u00e9es et aux adultes et il est conseill\u00e9 de le conserver dans un endroit frais et sec.<\/p>","protected":false},"featured_media":4106,"template":"","meta":[],"product_brand":[],"product_cat":[216],"product_tag":[],"class_list":{"0":"post-4105","1":"product","2":"type-product","3":"status-publish","4":"has-post-thumbnail","6":"product_cat-mens_health","8":"first","9":"instock","10":"sale","11":"shipping-taxable","12":"purchasable","13":"product-type-simple"},"aioseo_notices":[],"_links":{"self":[{"href":"https:\/\/novacstore.com\/fr\/wp-json\/wp\/v2\/product\/4105","targetHints":{"allow":["GET"]}}],"collection":[{"href":"https:\/\/novacstore.com\/fr\/wp-json\/wp\/v2\/product"}],"about":[{"href":"https:\/\/novacstore.com\/fr\/wp-json\/wp\/v2\/types\/product"}],"wp:featuredmedia":[{"embeddable":true,"href":"https:\/\/novacstore.com\/fr\/wp-json\/wp\/v2\/media\/4106"}],"wp:attachment":[{"href":"https:\/\/novacstore.com\/fr\/wp-json\/wp\/v2\/media?parent=4105"}],"wp:term":[{"taxonomy":"product_brand","embeddable":true,"href":"https:\/\/novacstore.com\/fr\/wp-json\/wp\/v2\/product_brand?post=4105"},{"taxonomy":"product_cat","embeddable":true,"href":"https:\/\/novacstore.com\/fr\/wp-json\/wp\/v2\/product_cat?post=4105"},{"taxonomy":"product_tag","embeddable":true,"href":"https:\/\/novacstore.com\/fr\/wp-json\/wp\/v2\/product_tag?post=4105"}],"curies":[{"name":"wp","href":"https:\/\/api.w.org\/{rel}","templated":true}]}}